{"id":13,"date":"2023-05-30T14:15:28","date_gmt":"2023-05-30T14:15:28","guid":{"rendered":"https:\/\/restaurantesinfo.com\/?page_id=13"},"modified":"2023-07-14T14:20:51","modified_gmt":"2023-07-14T14:20:51","slug":"contactar","status":"publish","type":"page","link":"https:\/\/restaurantesinfo.com\/index.php\/contactar\/","title":{"rendered":"Contactar"},"content":{"rendered":"\n<figure class=\"wp-block-image size-full is-resized\"><img loading=\"lazy\" decoding=\"async\" src=\"https:\/\/restaurantesinfo.com\/wp-content\/uploads\/2023\/05\/images-2.png\" alt=\"\" class=\"wp-image-16\" width=\"223\" height=\"105\"\/><\/figure>\n\n\n\n<p><\/p>\n\n\n\n<p class=\"has-x-large-font-size\">Solo se recoger\u00e1n y validar\u00e1n reservas por Tel\u00e9fono<\/p>\n\n\n\n<p class=\"has-x-large-font-size\">  <strong>942 50 41 56<\/strong><\/p>\n\n\n\n<p class=\"has-medium-font-size\">Para cualquier otra duda use este formulario<\/p>\n\n\n\n<div class=\"wp-block-columns is-layout-flex wp-container-core-columns-is-layout-9d6595d7 wp-block-columns-is-layout-flex\">\n<div class=\"wp-block-column is-layout-flow wp-block-column-is-layout-flow\" style=\"flex-basis:100%\"><div class=\"frm_forms  with_frm_style frm_style_estilos-formidable\" id=\"frm_form_1_container\" >\n<form enctype=\"multipart\/form-data\" method=\"post\" class=\"frm-show-form \" id=\"form_contact-form\"  >\n<div class=\"frm_form_fields \">\n<fieldset>\n<legend class=\"frm_screen_reader\">Contactarnos<\/legend>\r\n\r\n<div class=\"frm_fields_container\">\n<input type=\"hidden\" name=\"frm_action\" value=\"create\" \/>\n<input type=\"hidden\" name=\"form_id\" value=\"1\" \/>\n<input type=\"hidden\" name=\"frm_hide_fields_1\" id=\"frm_hide_fields_1\" value=\"\" \/>\n<input type=\"hidden\" name=\"form_key\" value=\"contact-form\" \/>\n<input type=\"hidden\" name=\"item_meta[0]\" value=\"\" \/>\n<input type=\"hidden\" id=\"frm_submit_entry_1\" name=\"frm_submit_entry_1\" value=\"9af291f636\" \/><input type=\"hidden\" name=\"_wp_http_referer\" value=\"\/index.php\/wp-json\/wp\/v2\/pages\/13\" \/><div id=\"frm_field_1_container\" class=\"frm_form_field form-field  frm_required_field frm_top_container frm12 frm_first\">\r\n    <label for=\"field_qh4icy\" id=\"field_qh4icy_label\" class=\"frm_primary_label\">Nombre\r\n        <span class=\"frm_required\" aria-hidden=\"true\">*<\/span>\r\n    <\/label>\r\n    <input type=\"text\" id=\"field_qh4icy\" name=\"item_meta[1]\" value=\"\"  data-reqmsg=\"Este campo no puede estar en blanco.\" aria-required=\"true\" data-invmsg=\"Name no es v\u00e1lido\" aria-invalid=\"false\"  \/>\r\n    \r\n    \r\n<\/div>\n<div id=\"frm_field_3_container\" class=\"frm_form_field form-field  frm_required_field frm_top_container frm_full\">\r\n    <label for=\"field_29yf4d\" id=\"field_29yf4d_label\" class=\"frm_primary_label\">Email\r\n        <span class=\"frm_required\" aria-hidden=\"true\">*<\/span>\r\n    <\/label>\r\n    <input type=\"email\" id=\"field_29yf4d\" name=\"item_meta[3]\" value=\"\"  data-reqmsg=\"Este campo no puede estar en blanco.\" aria-required=\"true\" data-invmsg=\"Please enter a valid email address\" aria-invalid=\"false\"  \/>\r\n    \r\n    \r\n<\/div>\n<div id=\"frm_field_5_container\" class=\"frm_form_field form-field  frm_required_field frm_top_container frm_full\">\r\n    <label for=\"field_9jv0r1\" id=\"field_9jv0r1_label\" class=\"frm_primary_label\">Mensaje\r\n        <span class=\"frm_required\" aria-hidden=\"true\">*<\/span>\r\n    <\/label>\r\n    <textarea name=\"item_meta[5]\" id=\"field_9jv0r1\" rows=\"5\"  data-reqmsg=\"Este campo no puede estar en blanco.\" aria-required=\"true\" data-invmsg=\"Mensaje no es v\u00e1lido\" aria-invalid=\"false\"  ><\/textarea>\r\n    \r\n    \r\n<\/div>\n\t<input type=\"hidden\" name=\"item_key\" value=\"\" \/>\n\t\t\t\t<div class=\"frm_verify\" aria-hidden=\"true\">\n\t\t\t\t<label for=\"frm_email_1\">\n\t\t\t\t\tSi eres humano, deja este campo en blanco.\t\t\t\t<\/label>\n\t\t\t\t<input type=\"text\" class=\"frm_verify\" id=\"frm_email_1\" name=\"frm_verify\" value=\"\"  \/>\n\t\t\t<\/div>\n\t\t<div class=\"frm_submit\">\r\n\r\n<button class=\"frm_button_submit\" type=\"submit\"  >Enviar<\/button>\r\n\r\n\r\n<\/div><\/div>\n<\/fieldset>\n<\/div>\n<\/form>\n<\/div>\n<\/div>\n<\/div>\n\n\n\n<figure class=\"wp-block-image size-large\"><img loading=\"lazy\" decoding=\"async\" width=\"1024\" height=\"683\" src=\"https:\/\/restaurantesinfo.com\/wp-content\/uploads\/2023\/07\/IMG_3521-1024x683.jpg\" alt=\"\" class=\"wp-image-25\" srcset=\"https:\/\/restaurantesinfo.com\/wp-content\/uploads\/2023\/07\/IMG_3521-1024x683.jpg 1024w, https:\/\/restaurantesinfo.com\/wp-content\/uploads\/2023\/07\/IMG_3521-300x200.jpg 300w, https:\/\/restaurantesinfo.com\/wp-content\/uploads\/2023\/07\/IMG_3521-768x512.jpg 768w, https:\/\/restaurantesinfo.com\/wp-content\/uploads\/2023\/07\/IMG_3521-1536x1024.jpg 1536w, https:\/\/restaurantesinfo.com\/wp-content\/uploads\/2023\/07\/IMG_3521-2048x1365.jpg 2048w\" sizes=\"auto, (max-width: 767px) 89vw, (max-width: 1000px) 54vw, (max-width: 1071px) 543px, 580px\" \/><\/figure>\n\n\n\n<p><\/p>\n\n\n\n<p class=\"has-text-align-center has-medium-font-size\">QR Como llegar a Restaurante Sinfo<\/p>\n\n\n\n<div class=\"wp-block-columns is-layout-flex wp-container-core-columns-is-layout-9d6595d7 wp-block-columns-is-layout-flex\">\n<div class=\"wp-block-column is-layout-flow wp-block-column-is-layout-flow\">\n<iframe src=\"https:\/\/www.google.com\/maps\/embed?pb=!1m18!1m12!1m3!1d2897.0295522690476!2d-3.715670522627245!3d43.43909876625014!2m3!1f0!2f0!3f0!3m2!1i1024!2i768!4f13.1!3m3!1m2!1s0xd4eb56df61c8513%3A0x5026dfe21ca6afa0!2sRESTAURANTE%20SINFO!5e0!3m2!1ses!2ses!4v1689343008366!5m2!1ses!2ses\" width=\"300\" height=\"300\" style=\"border:0;\" allowfullscreen=\"\" loading=\"lazy\" referrerpolicy=\"no-referrer-when-downgrade\"><\/iframe>\n<\/div>\n\n\n\n<div class=\"wp-block-column is-layout-flow wp-block-column-is-layout-flow\">\n<figure class=\"wp-block-image size-full\"><img loading=\"lazy\" decoding=\"async\" width=\"730\" height=\"730\" src=\"https:\/\/restaurantesinfo.com\/wp-content\/uploads\/2023\/07\/qrcode_www.google.es_.png\" alt=\"\" class=\"wp-image-50\" srcset=\"https:\/\/restaurantesinfo.com\/wp-content\/uploads\/2023\/07\/qrcode_www.google.es_.png 730w, https:\/\/restaurantesinfo.com\/wp-content\/uploads\/2023\/07\/qrcode_www.google.es_-300x300.png 300w, https:\/\/restaurantesinfo.com\/wp-content\/uploads\/2023\/07\/qrcode_www.google.es_-150x150.png 150w, https:\/\/restaurantesinfo.com\/wp-content\/uploads\/2023\/07\/qrcode_www.google.es_-100x100.png 100w\" sizes=\"auto, (max-width: 730px) 100vw, 730px\" \/><\/figure>\n<\/div>\n<\/div>\n","protected":false},"excerpt":{"rendered":"<p>Solo se recoger\u00e1n y validar\u00e1n reservas por Tel\u00e9fono 942 50 41 56 Para cualquier otra duda use este formulario QR Como llegar a Restaurante Sinfo<\/p>\n","protected":false},"author":1,"featured_media":32,"parent":0,"menu_order":0,"comment_status":"closed","ping_status":"closed","template":"","meta":{"footnotes":""},"class_list":["post-13","page","type-page","status-publish","has-post-thumbnail","hentry"],"_links":{"self":[{"href":"https:\/\/restaurantesinfo.com\/index.php\/wp-json\/wp\/v2\/pages\/13","targetHints":{"allow":["GET"]}}],"collection":[{"href":"https:\/\/restaurantesinfo.com\/index.php\/wp-json\/wp\/v2\/pages"}],"about":[{"href":"https:\/\/restaurantesinfo.com\/index.php\/wp-json\/wp\/v2\/types\/page"}],"author":[{"embeddable":true,"href":"https:\/\/restaurantesinfo.com\/index.php\/wp-json\/wp\/v2\/users\/1"}],"replies":[{"embeddable":true,"href":"https:\/\/restaurantesinfo.com\/index.php\/wp-json\/wp\/v2\/comments?post=13"}],"version-history":[{"count":8,"href":"https:\/\/restaurantesinfo.com\/index.php\/wp-json\/wp\/v2\/pages\/13\/revisions"}],"predecessor-version":[{"id":62,"href":"https:\/\/restaurantesinfo.com\/index.php\/wp-json\/wp\/v2\/pages\/13\/revisions\/62"}],"wp:featuredmedia":[{"embeddable":true,"href":"https:\/\/restaurantesinfo.com\/index.php\/wp-json\/wp\/v2\/media\/32"}],"wp:attachment":[{"href":"https:\/\/restaurantesinfo.com\/index.php\/wp-json\/wp\/v2\/media?parent=13"}],"curies":[{"name":"wp","href":"https:\/\/api.w.org\/{rel}","templated":true}]}}